{"id":3614,"date":"2023-11-21T12:25:48","date_gmt":"2023-11-21T12:25:48","guid":{"rendered":"https:\/\/colmeia.cooperativadaterra.pt\/colmeia-_clone\/"},"modified":"2024-06-19T09:26:36","modified_gmt":"2024-06-19T09:26:36","slug":"o-projeto-colmeia","status":"publish","type":"page","link":"https:\/\/colmeia.cooperativadaterra.pt\/en\/o-projeto-colmeia\/","title":{"rendered":"O projeto Colmeia"},"content":{"rendered":"<div class=\"wp-block-cover alignfull is-light fullwidth-block front-page-hero\"><span aria-hidden=\"true\" class=\"wp-block-cover__background has-background-dim-20 has-background-dim\"><\/span><img decoding=\"async\" width=\"1536\" height=\"429\" class=\"wp-block-cover__image-background wp-image-6633 lazyload\" alt=\"\" data-src=\"https:\/\/colmeia.cooperativadaterra.pt\/wp-content\/uploads\/2024\/01\/warehouse_optimized-1.jpg\" data-object-fit=\"cover\" data-srcset=\"https:\/\/colmeia.cooperativadaterra.pt\/wp-content\/uploads\/2024\/01\/warehouse_optimized-1.jpg 1536w, https:\/\/colmeia.cooperativadaterra.pt\/wp-content\/uploads\/2024\/01\/warehouse_optimized-1-300x84.jpg 300w, https:\/\/colmeia.cooperativadaterra.pt\/wp-content\/uploads\/2024\/01\/warehouse_optimized-1-1024x286.jpg 1024w, https:\/\/colmeia.cooperativadaterra.pt\/wp-content\/uploads\/2024\/01\/warehouse_optimized-1-768x215.jpg 768w, https:\/\/colmeia.cooperativadaterra.pt\/wp-content\/uploads\/2024\/01\/warehouse_optimized-1-600x168.jpg 600w\" data-sizes=\"(max-width: 1536px) 100vw, 1536px\" src=\"data:image\/svg+xml;base64,PHN2ZyB3aWR0aD0iMSIgaGVpZ2h0PSIxIiB4bWxucz0iaHR0cDovL3d3dy53My5vcmcvMjAwMC9zdmciPjwvc3ZnPg==\" style=\"--smush-placeholder-width: 1536px; --smush-placeholder-aspect-ratio: 1536\/429;\" \/><div class=\"wp-block-cover__inner-container is-layout-flow wp-block-cover-is-layout-flow\">\n<h1 class=\"wp-block-heading has-text-align-center shree-devanagari-714 has-white-color has-text-color\" style=\"font-size:60px\">ABOUT THE COLMEIA PROJECT<\/h1>\n<\/div><\/div>\n\n\n\n<div style=\"height:50px\" aria-hidden=\"true\" class=\"wp-block-spacer\"><\/div>\n\n\n\n<h2 class=\"wp-block-heading dark-red-color has-text-color has-link-color has-large-font-size wp-elements-2db05fb2454f7ad32c7743a402e1cb14\" style=\"color:#f2a53b\">WHAT IS COLMEIA?<\/h2>\n\n\n\n<h2 class=\"wp-block-heading\" style=\"font-size:24px\">All of us.<br>COLMEIA is a non-profit community project run and created by <a href=\"http:\/\/www.cooperativadaterra.pt\" target=\"_blank\" rel=\"noreferrer noopener\">COOPERATIVA INTEGRAL DA TERRA<\/a> - It is dedicated to serving the Western Algarve and Southern Alentejo region, including Lagos, Vila do Bispo, Aljezur, Monchique, Portim\u00e3o, Colos (Odemira), Vila Nova de Milfontes and Cercal do Alentejo.<\/h2>\n\n\n\n<h3 class=\"wp-block-heading has-text-color has-link-color wp-elements-93f490f2d5821ea016c589628f208013\" style=\"color:#f2a53b\">Our main focus is to strengthen local connections and the region's economy by taking care of all the food logistics.<\/h3>\n\n\n\n<p class=\"translation-block\">In co-operation with our great partners in our <strong>FOOD HUBS<\/strong>, which consist of several locations, we have established a <strong>NETWORK OF DISTRIBUTORS<\/strong> (<em>see map<\/em>) to get as close to people as possible. However, these <strong>FOOD HUBS<\/strong> are much more than just a logistical partner.<\/p>\n\n\n\n<figure class=\"wp-block-image size-full\"><img decoding=\"async\" data-src=\"https:\/\/colmeia.cooperativadaterra.pt\/wp-content\/uploads\/2023\/12\/network_map_bwhite_1000.jpg\" alt=\"\" class=\"wp-image-5795 lazyload\" src=\"data:image\/svg+xml;base64,PHN2ZyB3aWR0aD0iMSIgaGVpZ2h0PSIxIiB4bWxucz0iaHR0cDovL3d3dy53My5vcmcvMjAwMC9zdmciPjwvc3ZnPg==\" \/><\/figure>\n\n\n\n<div class=\"wp-block-buttons is-content-justification-center is-layout-flex wp-container-core-buttons-is-layout-16018d1d wp-block-buttons-is-layout-flex\">\n<div class=\"wp-block-button has-custom-font-size is-style-outline orange-fill-button has-small-font-size is-style-outline--1\"><a class=\"wp-block-button__link wp-element-button\" href=\"https:\/\/colmeia.cooperativadaterra.pt\/en\/rede\/\"><strong><strong><strong>Read more about the FOOD HUBS<\/strong><\/strong><\/strong><\/a><\/div>\n<\/div>\n\n\n\n<div style=\"height:50px\" aria-hidden=\"true\" class=\"wp-block-spacer\"><\/div>\n\n\n\n<h2 class=\"wp-block-heading dark-red-color has-text-color has-link-color has-large-font-size wp-elements-d1055b36154578078f03e6406ad061dc\" style=\"color:#f2a53b\">WHO ARE WE?<\/h2>\n\n\n\n<h2 class=\"wp-block-heading\" style=\"font-size:24px\">All of us.<br><strong>Whether you are a co-operator, investor, supporter, consultant, friend, consumer, producer or prosumer, you are part of COLMEIA. In addition, there is a group dedicated to making our COLMEIA ecosystem healthy and sustainable.<\/strong><\/h2>\n\n\n\n<p>Since 2022, <strong>COLMEIA <\/strong>made significant progress. We had a new catalogue, both printed and online, and we expanded our network of partners, suppliers and local producers. <\/p>\n\n\n\n<p>Our dedicated core team of four employees, two drivers, together with our <strong><a href=\"http:\/\/colmeia.cooperativadaterra.pt\/en\/revender\/\">FOOD HUB PARTNERS<\/a><\/strong>, the infrastructure of <strong><a href=\"http:\/\/www.cooperativadaterra.pt\" target=\"_blank\" rel=\"noreferrer noopener\">COOPERATIVA INTEGRAL DA TERRA<\/a><\/strong>, serving a wide geographical area.<\/p>\n\n\n\n<p>Whilst we strive for perfection, unintentional challenges can occasionally arise during ordering and delivery. However, we are committed to realising the vision of the <strong>COLMEIA<\/strong>. <\/p>\n\n\n\n<p>This <a href=\"https:\/\/colmeia.cooperativadaterra.pt\/en\/loja-online\/\"><strong>ONLINE SHOP <\/strong><\/a>is an important step for us, which we would like to take further with you.<\/p>\n\n\n\n<figure class=\"wp-block-image size-large\"><img decoding=\"async\" width=\"934\" height=\"1024\" data-src=\"https:\/\/colmeia.cooperativadaterra.pt\/wp-content\/uploads\/2024\/05\/teamcoopcol_1000-934x1024.jpg\" alt=\"\" class=\"wp-image-7947 lazyload\" data-srcset=\"https:\/\/colmeia.cooperativadaterra.pt\/wp-content\/uploads\/2024\/05\/teamcoopcol_1000-934x1024.jpg 934w, https:\/\/colmeia.cooperativadaterra.pt\/wp-content\/uploads\/2024\/05\/teamcoopcol_1000-274x300.jpg 274w, https:\/\/colmeia.cooperativadaterra.pt\/wp-content\/uploads\/2024\/05\/teamcoopcol_1000-768x842.jpg 768w, https:\/\/colmeia.cooperativadaterra.pt\/wp-content\/uploads\/2024\/05\/teamcoopcol_1000-11x12.jpg 11w, https:\/\/colmeia.cooperativadaterra.pt\/wp-content\/uploads\/2024\/05\/teamcoopcol_1000-600x658.jpg 600w, https:\/\/colmeia.cooperativadaterra.pt\/wp-content\/uploads\/2024\/05\/teamcoopcol_1000.jpg 1000w\" data-sizes=\"(max-width: 934px) 100vw, 934px\" src=\"data:image\/svg+xml;base64,PHN2ZyB3aWR0aD0iMSIgaGVpZ2h0PSIxIiB4bWxucz0iaHR0cDovL3d3dy53My5vcmcvMjAwMC9zdmciPjwvc3ZnPg==\" style=\"--smush-placeholder-width: 934px; --smush-placeholder-aspect-ratio: 934\/1024;\" \/><\/figure>\n\n\n\n<p class=\"has-text-align-right has-small-font-size\"><em>Above, the people who are part of our LOCAL FOOD NETWORK.<\/em><\/p>\n\n\n\n<h2 class=\"wp-block-heading has-text-color has-link-color has-large-font-size wp-elements-5c468dae64348bc863afd5771892d7a2\" style=\"color:#f2a53b\">WHAT WE HAVE TO OFFER<\/h2>\n\n\n<style>.wp-block-kadence-iconlist.kt-svg-icon-list-items3614_d02f5d-1e:not(.this-stops-third-party-issues){margin-top:0px;margin-bottom:0px;}.wp-block-kadence-iconlist.kt-svg-icon-list-items3614_d02f5d-1e ul.kt-svg-icon-list:not(.this-prevents-issues):not(.this-stops-third-party-issues):not(.tijsloc){margin-top:0px;margin-right:0px;margin-bottom:var(--global-kb-spacing-sm, 1.5rem);margin-left:0px;}.wp-block-kadence-iconlist.kt-svg-icon-list-items3614_d02f5d-1e ul.kt-svg-icon-list{grid-row-gap:5px;}.wp-block-kadence-iconlist.kt-svg-icon-list-items3614_d02f5d-1e ul.kt-svg-icon-list .kt-svg-icon-list-item-wrap .kt-svg-icon-list-single{margin-right:10px;}.kt-svg-icon-list-items3614_d02f5d-1e ul.kt-svg-icon-list .kt-svg-icon-list-level-0 .kt-svg-icon-list-single svg{font-size:20px;}<\/style>\n<div class=\"wp-block-kadence-iconlist kt-svg-icon-list-items kt-svg-icon-list-items3614_d02f5d-1e kt-svg-icon-list-columns-1 alignnone\"><ul class=\"kt-svg-icon-list\"><style>.kt-svg-icon-list-item-3614_a0ab7a-cd .kt-svg-icon-list-single{font-size:30px !important;color:#f2a53b !important;}.kt-svg-icon-list-item-3614_a0ab7a-cd .kt-svg-icon-list-text mark.kt-highlight{background-color:unset;font-style:normal;color:#f76a0c;-webkit-box-decoration-break:clone;box-decoration-break:clone;padding-top:0px;padding-right:0px;padding-bottom:0px;padding-left:0px;}<\/style>\n<li class=\"wp-block-kadence-listitem kt-svg-icon-list-item-wrap kt-svg-icon-list-item-3614_a0ab7a-cd\"><span class=\"kb-svg-icon-wrap kb-svg-icon-fe_checkSquare kt-svg-icon-list-single\"><svg viewbox=\"0 0 24 24\"  fill=\"none\" stroke=\"currentColor\" stroke-width=\"2\" stroke-linecap=\"round\" stroke-linejoin=\"round\" xmlns=\"http:\/\/www.w3.org\/2000\/svg\"  aria-hidden=\"true\"><polyline points=\"9 11 12 14 22 4\"\/><path d=\"M21 12v7a2 2 0 0 1-2 2H5a2 2 0 0 1-2-2V5a2 2 0 0 1 2-2h11\"\/><\/svg><\/span><span class=\"kt-svg-icon-list-text\"><strong>Mainly <\/strong>organic food for daily needs at home and for businesses<\/span><\/li>\n\n\n<style>.kt-svg-icon-list-item-3614_075561-22 .kt-svg-icon-list-single{font-size:30px !important;color:#f2a53b !important;}.kt-svg-icon-list-item-3614_075561-22 .kt-svg-icon-list-text mark.kt-highlight{background-color:unset;font-style:normal;color:#f76a0c;-webkit-box-decoration-break:clone;box-decoration-break:clone;padding-top:0px;padding-right:0px;padding-bottom:0px;padding-left:0px;}<\/style>\n<li class=\"wp-block-kadence-listitem kt-svg-icon-list-item-wrap kt-svg-icon-list-item-3614_075561-22\"><span class=\"kb-svg-icon-wrap kb-svg-icon-fe_checkSquare kt-svg-icon-list-single\"><svg viewbox=\"0 0 24 24\"  fill=\"none\" stroke=\"currentColor\" stroke-width=\"2\" stroke-linecap=\"round\" stroke-linejoin=\"round\" xmlns=\"http:\/\/www.w3.org\/2000\/svg\"  aria-hidden=\"true\"><polyline points=\"9 11 12 14 22 4\"\/><path d=\"M21 12v7a2 2 0 0 1-2 2H5a2 2 0 0 1-2-2V5a2 2 0 0 1 2-2h11\"\/><\/svg><\/span><span class=\"kt-svg-icon-list-text\"><strong>With our staple foods<\/strong>we cover a large proportion, such as cereals, pasta, nuts, preserves, sweets, sauces and oils.<\/span><\/li>\n\n\n<style>.kt-svg-icon-list-item-3614_dcf668-41 .kt-svg-icon-list-single{font-size:30px !important;color:#f2a53b !important;}.kt-svg-icon-list-item-3614_dcf668-41 .kt-svg-icon-list-text mark.kt-highlight{background-color:unset;font-style:normal;color:#f76a0c;-webkit-box-decoration-break:clone;box-decoration-break:clone;padding-top:0px;padding-right:0px;padding-bottom:0px;padding-left:0px;}<\/style>\n<li class=\"wp-block-kadence-listitem kt-svg-icon-list-item-wrap kt-svg-icon-list-item-3614_dcf668-41\"><span class=\"kb-svg-icon-wrap kb-svg-icon-fe_checkSquare kt-svg-icon-list-single\"><svg viewbox=\"0 0 24 24\"  fill=\"none\" stroke=\"currentColor\" stroke-width=\"2\" stroke-linecap=\"round\" stroke-linejoin=\"round\" xmlns=\"http:\/\/www.w3.org\/2000\/svg\"  aria-hidden=\"true\"><polyline points=\"9 11 12 14 22 4\"\/><path d=\"M21 12v7a2 2 0 0 1-2 2H5a2 2 0 0 1-2-2V5a2 2 0 0 1 2-2h11\"\/><\/svg><\/span><span class=\"kt-svg-icon-list-text\"><strong>We complement <\/strong>our range with specialities and unique products from the region, sourced from our partners and local producers.<\/span><\/li>\n<\/ul><\/div>\n\n\n\n<p>With the help of <a href=\"http:\/\/cooperativadaterra.pt\" target=\"_blank\" rel=\"noreferrer noopener\"><strong>COOPERATIVA INTEGRAL DA TERRA<\/strong><\/a>, you can become one of these partners and supplement the existing food supply with your local organic products or replace an existing product on the world market with a better, locally produced one. In this way, together, we can get our region's economy moving again.<\/p>\n\n\n\n<div style=\"height:50px\" aria-hidden=\"true\" class=\"wp-block-spacer\"><\/div>\n\n\n\n<h2 class=\"wp-block-heading dark-red-color has-text-color has-link-color has-large-font-size wp-elements-8b9b1596f5e9d4bb575c5bf6d59b076c\" style=\"color:#f2a53b\">OUR MISSION<\/h2>\n\n\n<style>.wp-block-kadence-iconlist.kt-svg-icon-list-items3614_457b84-96:not(.this-stops-third-party-issues){margin-top:0px;margin-bottom:0px;}.wp-block-kadence-iconlist.kt-svg-icon-list-items3614_457b84-96 ul.kt-svg-icon-list:not(.this-prevents-issues):not(.this-stops-third-party-issues):not(.tijsloc){margin-top:0px;margin-right:0px;margin-bottom:var(--global-kb-spacing-sm, 1.5rem);margin-left:0px;}.wp-block-kadence-iconlist.kt-svg-icon-list-items3614_457b84-96 ul.kt-svg-icon-list{grid-row-gap:5px;}.wp-block-kadence-iconlist.kt-svg-icon-list-items3614_457b84-96 ul.kt-svg-icon-list .kt-svg-icon-list-item-wrap .kt-svg-icon-list-single{margin-right:10px;}.kt-svg-icon-list-items3614_457b84-96 ul.kt-svg-icon-list .kt-svg-icon-list-level-0 .kt-svg-icon-list-single svg{font-size:20px;}<\/style>\n<div class=\"wp-block-kadence-iconlist kt-svg-icon-list-items kt-svg-icon-list-items3614_457b84-96 kt-svg-icon-list-columns-1 alignnone\"><ul class=\"kt-svg-icon-list\"><style>.kt-svg-icon-list-item-3614_4c6966-62 .kt-svg-icon-list-single{font-size:30px !important;color:#f2a53b !important;}.kt-svg-icon-list-item-3614_4c6966-62 .kt-svg-icon-list-text mark.kt-highlight{background-color:unset;font-style:normal;color:#f76a0c;-webkit-box-decoration-break:clone;box-decoration-break:clone;padding-top:0px;padding-right:0px;padding-bottom:0px;padding-left:0px;}<\/style>\n<li class=\"wp-block-kadence-listitem kt-svg-icon-list-item-wrap kt-svg-icon-list-item-3614_4c6966-62\"><span class=\"kb-svg-icon-wrap kb-svg-icon-fe_checkSquare kt-svg-icon-list-single\"><svg viewbox=\"0 0 24 24\"  fill=\"none\" stroke=\"currentColor\" stroke-width=\"2\" stroke-linecap=\"round\" stroke-linejoin=\"round\" xmlns=\"http:\/\/www.w3.org\/2000\/svg\"  aria-hidden=\"true\"><polyline points=\"9 11 12 14 22 4\"\/><path d=\"M21 12v7a2 2 0 0 1-2 2H5a2 2 0 0 1-2-2V5a2 2 0 0 1 2-2h11\"\/><\/svg><\/span><span class=\"kt-svg-icon-list-text\"><strong>Facilitate Local Supply<\/strong>: We work to connect producers, shops, restaurants and consumers, guaranteeing a more efficient and fairer supply.<\/span><\/li>\n\n\n<style>.kt-svg-icon-list-item-3614_529f13-c9 .kt-svg-icon-list-single{font-size:30px !important;color:#f2a53b !important;}.kt-svg-icon-list-item-3614_529f13-c9 .kt-svg-icon-list-text mark.kt-highlight{background-color:unset;font-style:normal;color:#f76a0c;-webkit-box-decoration-break:clone;box-decoration-break:clone;padding-top:0px;padding-right:0px;padding-bottom:0px;padding-left:0px;}<\/style>\n<li class=\"wp-block-kadence-listitem kt-svg-icon-list-item-wrap kt-svg-icon-list-item-3614_529f13-c9\"><span class=\"kb-svg-icon-wrap kb-svg-icon-fe_checkSquare kt-svg-icon-list-single\"><svg viewbox=\"0 0 24 24\"  fill=\"none\" stroke=\"currentColor\" stroke-width=\"2\" stroke-linecap=\"round\" stroke-linejoin=\"round\" xmlns=\"http:\/\/www.w3.org\/2000\/svg\"  aria-hidden=\"true\"><polyline points=\"9 11 12 14 22 4\"\/><path d=\"M21 12v7a2 2 0 0 1-2 2H5a2 2 0 0 1-2-2V5a2 2 0 0 1 2-2h11\"\/><\/svg><\/span><span class=\"kt-svg-icon-list-text\"><strong>Fostering Abundance<\/strong>: We seek a stronger and safer economy, benefiting everyone involved, including you.<\/span><\/li>\n\n\n<style>.kt-svg-icon-list-item-3614_f27f5d-1d .kt-svg-icon-list-single{font-size:30px !important;color:#f2a53b !important;}.kt-svg-icon-list-item-3614_f27f5d-1d .kt-svg-icon-list-text mark.kt-highlight{background-color:unset;font-style:normal;color:#f76a0c;-webkit-box-decoration-break:clone;box-decoration-break:clone;padding-top:0px;padding-right:0px;padding-bottom:0px;padding-left:0px;}<\/style>\n<li class=\"wp-block-kadence-listitem kt-svg-icon-list-item-wrap kt-svg-icon-list-item-3614_f27f5d-1d\"><span class=\"kb-svg-icon-wrap kb-svg-icon-fe_checkSquare kt-svg-icon-list-single\"><svg viewbox=\"0 0 24 24\"  fill=\"none\" stroke=\"currentColor\" stroke-width=\"2\" stroke-linecap=\"round\" stroke-linejoin=\"round\" xmlns=\"http:\/\/www.w3.org\/2000\/svg\"  aria-hidden=\"true\"><polyline points=\"9 11 12 14 22 4\"\/><path d=\"M21 12v7a2 2 0 0 1-2 2H5a2 2 0 0 1-2-2V5a2 2 0 0 1 2-2h11\"\/><\/svg><\/span><span class=\"kt-svg-icon-list-text\"><strong>Collaborative Consumption:<\/strong> We join forces to empower ourselves as consumers, producers and workers.<\/span><\/li>\n\n\n<style>.kt-svg-icon-list-item-3614_ce006f-bc .kt-svg-icon-list-single{font-size:30px !important;color:#f2a53b !important;}.kt-svg-icon-list-item-3614_ce006f-bc .kt-svg-icon-list-text mark.kt-highlight{background-color:unset;font-style:normal;color:#f76a0c;-webkit-box-decoration-break:clone;box-decoration-break:clone;padding-top:0px;padding-right:0px;padding-bottom:0px;padding-left:0px;}<\/style>\n<li class=\"wp-block-kadence-listitem kt-svg-icon-list-item-wrap kt-svg-icon-list-item-3614_ce006f-bc\"><span class=\"kb-svg-icon-wrap kb-svg-icon-fe_checkSquare kt-svg-icon-list-single\"><svg viewbox=\"0 0 24 24\"  fill=\"none\" stroke=\"currentColor\" stroke-width=\"2\" stroke-linecap=\"round\" stroke-linejoin=\"round\" xmlns=\"http:\/\/www.w3.org\/2000\/svg\"  aria-hidden=\"true\"><polyline points=\"9 11 12 14 22 4\"\/><path d=\"M21 12v7a2 2 0 0 1-2 2H5a2 2 0 0 1-2-2V5a2 2 0 0 1 2-2h11\"\/><\/svg><\/span><span class=\"kt-svg-icon-list-text\"><strong>Supporting Producers<\/strong>: Our goal is to guarantee regular sales and improve profit margins for local producers.<\/span><\/li>\n\n\n<style>.kt-svg-icon-list-item-3614_9d3d88-11 .kt-svg-icon-list-single{font-size:30px !important;color:#f2a53b !important;}.kt-svg-icon-list-item-3614_9d3d88-11 .kt-svg-icon-list-text mark.kt-highlight{background-color:unset;font-style:normal;color:#f76a0c;-webkit-box-decoration-break:clone;box-decoration-break:clone;padding-top:0px;padding-right:0px;padding-bottom:0px;padding-left:0px;}<\/style>\n<li class=\"wp-block-kadence-listitem kt-svg-icon-list-item-wrap kt-svg-icon-list-item-3614_9d3d88-11\"><span class=\"kb-svg-icon-wrap kb-svg-icon-fe_checkSquare kt-svg-icon-list-single\"><svg viewbox=\"0 0 24 24\"  fill=\"none\" stroke=\"currentColor\" stroke-width=\"2\" stroke-linecap=\"round\" stroke-linejoin=\"round\" xmlns=\"http:\/\/www.w3.org\/2000\/svg\"  aria-hidden=\"true\"><polyline points=\"9 11 12 14 22 4\"\/><path d=\"M21 12v7a2 2 0 0 1-2 2H5a2 2 0 0 1-2-2V5a2 2 0 0 1 2-2h11\"\/><\/svg><\/span><span class=\"kt-svg-icon-list-text\"><strong>Economic Resilience<\/strong>: By sharing economic property and promoting fair practices, we seek to strengthen our community economy.<\/span><\/li>\n<\/ul><\/div>\n\n\n\n<div style=\"height:50px\" aria-hidden=\"true\" class=\"wp-block-spacer\"><\/div>\n\n\n\n<h2 class=\"wp-block-heading has-text-color has-link-color has-large-font-size wp-elements-76f0393274e4327ba0978224e06d2601\" style=\"color:#f2a53b\">OUR UNIQUE VALUE OFFER<\/h2>\n\n\n\n<div class=\"wp-block-columns services-tier is-layout-flex wp-container-core-columns-is-layout-9d6595d7 wp-block-columns-is-layout-flex\">\n<div class=\"wp-block-column is-vertically-aligned-stretch is-layout-flow wp-block-column-is-layout-flow\">\n<h3 class=\"wp-block-heading has-text-align-center\">Consumer<\/h3>\n\n\n\n<ul class=\"wp-block-list\">\n<li>Buy food in large quantities at excellent prices.<\/li>\n\n\n\n<li>Turn conscious consumption into economic power.<\/li>\n\n\n\n<li>Have an active voice. <\/li>\n<\/ul>\n\n\n\n<div class=\"wp-block-buttons is-horizontal is-content-justification-center is-layout-flex wp-container-core-buttons-is-layout-499968f5 wp-block-buttons-is-layout-flex\">\n<div class=\"wp-block-button is-style-outline orange-outline-button is-style-outline--2\" style=\"text-transform:uppercase\"><a class=\"wp-block-button__link wp-element-button\" href=\"https:\/\/colmeia.cooperativadaterra.pt\/en\/consumir\/\"><strong>Find out more<\/strong><\/a><\/div>\n<\/div>\n<\/div>\n\n\n\n<div class=\"wp-block-column is-vertically-aligned-stretch is-layout-flow wp-block-column-is-layout-flow\">\n<h3 class=\"wp-block-heading has-text-align-center\">Producer<\/h3>\n\n\n\n<ul class=\"wp-block-list\">\n<li>Drain your produce with ease.<\/li>\n\n\n\n<li>Participate in a network of exchange.<\/li>\n\n\n\n<li>Know the minimum and clear margins of <strong>COLMEIA<\/strong>.<\/li>\n<\/ul>\n\n\n\n<div class=\"wp-block-buttons is-horizontal is-content-justification-center is-layout-flex wp-container-core-buttons-is-layout-1891d752 wp-block-buttons-is-layout-flex\">\n<div class=\"wp-block-button is-style-outline orange-outline-button is-style-outline--3\" style=\"text-transform:uppercase\"><a class=\"wp-block-button__link wp-element-button\" href=\"https:\/\/colmeia.cooperativadaterra.pt\/en\/produtores-locais\/\"><strong>Find out more<\/strong><\/a><\/div>\n<\/div>\n<\/div>\n\n\n\n<div class=\"wp-block-column is-vertically-aligned-stretch is-layout-flow wp-block-column-is-layout-flow\">\n<h3 class=\"wp-block-heading has-text-align-center\">Business<\/h3>\n\n\n\n<ul class=\"wp-block-list\">\n<li>Our product portfolio is constantly being updated, favouring local producers.<\/li>\n\n\n\n<li>Creating a stock of products close to you.<\/li>\n\n\n\n<li>Easy delivery of products.<\/li>\n<\/ul>\n\n\n\n<div class=\"wp-block-buttons is-horizontal is-content-justification-center is-layout-flex wp-container-core-buttons-is-layout-1891d752 wp-block-buttons-is-layout-flex\">\n<div class=\"wp-block-button is-style-outline orange-outline-button is-style-outline--4\" style=\"text-transform:uppercase\"><a class=\"wp-block-button__link wp-element-button\" href=\"https:\/\/colmeia.cooperativadaterra.pt\/en\/revender\/\"><strong>Find out more<\/strong><\/a><\/div>\n<\/div>\n<\/div>\n<\/div>\n\n\n\n<div style=\"height:25px\" aria-hidden=\"true\" class=\"wp-block-spacer\"><\/div>\n\n\n\n<figure class=\"wp-block-image size-full\"><img decoding=\"async\" width=\"1000\" height=\"1000\" data-src=\"https:\/\/colmeia.cooperativadaterra.pt\/wp-content\/uploads\/2024\/06\/network_map_1906_1000.jpg\" alt=\"\" class=\"wp-image-8240 lazyload\" data-srcset=\"https:\/\/colmeia.cooperativadaterra.pt\/wp-content\/uploads\/2024\/06\/network_map_1906_1000.jpg 1000w, https:\/\/colmeia.cooperativadaterra.pt\/wp-content\/uploads\/2024\/06\/network_map_1906_1000-300x300.jpg 300w, https:\/\/colmeia.cooperativadaterra.pt\/wp-content\/uploads\/2024\/06\/network_map_1906_1000-150x150.jpg 150w, https:\/\/colmeia.cooperativadaterra.pt\/wp-content\/uploads\/2024\/06\/network_map_1906_1000-768x768.jpg 768w, https:\/\/colmeia.cooperativadaterra.pt\/wp-content\/uploads\/2024\/06\/network_map_1906_1000-12x12.jpg 12w, https:\/\/colmeia.cooperativadaterra.pt\/wp-content\/uploads\/2024\/06\/network_map_1906_1000-600x600.jpg 600w, https:\/\/colmeia.cooperativadaterra.pt\/wp-content\/uploads\/2024\/06\/network_map_1906_1000-100x100.jpg 100w\" data-sizes=\"(max-width: 1000px) 100vw, 1000px\" src=\"data:image\/svg+xml;base64,PHN2ZyB3aWR0aD0iMSIgaGVpZ2h0PSIxIiB4bWxucz0iaHR0cDovL3d3dy53My5vcmcvMjAwMC9zdmciPjwvc3ZnPg==\" style=\"--smush-placeholder-width: 1000px; --smush-placeholder-aspect-ratio: 1000\/1000;\" \/><\/figure>\n\n\n\n<div style=\"height:50px\" aria-hidden=\"true\" class=\"wp-block-spacer\"><\/div>\n\n\n\n<div class=\"wp-block-buttons is-content-justification-center is-layout-flex wp-container-core-buttons-is-layout-16018d1d wp-block-buttons-is-layout-flex\">\n<div class=\"wp-block-button has-custom-font-size is-style-outline orange-fill-button has-small-font-size is-style-outline--5\"><a class=\"wp-block-button__link wp-element-button\" href=\"mailto:colmeia@cooperativadaterra.pt\" target=\"_blank\" rel=\"noreferrer noopener\"><strong><strong>Write-us<\/strong><\/strong><\/a><\/div>\n\n\n\n<div class=\"wp-block-button has-custom-font-size is-style-outline orange-fill-button has-small-font-size is-style-outline--6\"><a class=\"wp-block-button__link wp-element-button\" href=\"https:\/\/us21.campaign-archive.com\/home\/?u=fd0150e09529765765dba412d&amp;id=c5b8174215\" target=\"_blank\" rel=\"noreferrer noopener\"><strong><strong>Newsletter<\/strong><\/strong><\/a><\/div>\n<\/div>","protected":false},"excerpt":{"rendered":"<p>O QUE \u00c9 A COLMEIA? Todos n\u00f3s.COLMEIA \u00e9 um projeto comunit\u00e1rio sem fins lucrativos gerido e criado pela COOPERATIVA INTEGRAL DA TERRA &#8211; Se dedica a atender a regi\u00e3o do Barlavento Algarvio e Sul Alentejano, incluindo Lagos, Vila do Bispo, Aljezur, Monchique, Portim\u00e3o, Colos (Odemira), Vila Nova de Milfontes e Cercal do Alentejo. Nosso principal foco \u00e9 fortalecer as conex\u00f5es locais e a economia da regi\u00e3o, cuidando de toda a log\u00edstica de alimentos. Em coopera\u00e7\u00e3o com os nossos grandes parceiros nos nossos FOOD HUBS, que consistem em v\u00e1rias localidades, estabelecemos uma REDE DE DISTRIBUIDORES (ver mapa) para chegar o mais perto poss\u00edvel das pessoas. No entanto, estes FOOD HUBS s\u00e3o muito mais do que um simples parceiro log\u00edstico. QUEM SOMOS N\u00d3S? Todos n\u00f3s.Seja voc\u00ea um cooperador, investidor, apoiante, consultor, amigo, consumidor, produtor ou prosumidor, faz parte da COLMEIA e da sua rede. Al\u00e9m disso, h\u00e1 um grupo dedicado a tornar&hellip;<\/p>\n<p> <a class=\"more-link\" href=\"https:\/\/colmeia.cooperativadaterra.pt\/en\/o-projeto-colmeia\/\">Read more<\/a><\/p>","protected":false},"author":70,"featured_media":0,"parent":0,"menu_order":1,"comment_status":"closed","ping_status":"closed","template":"","meta":{"footnotes":""},"class_list":["post-3614","page","type-page","status-publish"],"_links":{"self":[{"href":"https:\/\/colmeia.cooperativadaterra.pt\/en\/wp-json\/wp\/v2\/pages\/3614","targetHints":{"allow":["GET"]}}],"collection":[{"href":"https:\/\/colmeia.cooperativadaterra.pt\/en\/wp-json\/wp\/v2\/pages"}],"about":[{"href":"https:\/\/colmeia.cooperativadaterra.pt\/en\/wp-json\/wp\/v2\/types\/page"}],"author":[{"embeddable":true,"href":"https:\/\/colmeia.cooperativadaterra.pt\/en\/wp-json\/wp\/v2\/users\/70"}],"replies":[{"embeddable":true,"href":"https:\/\/colmeia.cooperativadaterra.pt\/en\/wp-json\/wp\/v2\/comments?post=3614"}],"version-history":[{"count":8,"href":"https:\/\/colmeia.cooperativadaterra.pt\/en\/wp-json\/wp\/v2\/pages\/3614\/revisions"}],"predecessor-version":[{"id":8243,"href":"https:\/\/colmeia.cooperativadaterra.pt\/en\/wp-json\/wp\/v2\/pages\/3614\/revisions\/8243"}],"wp:attachment":[{"href":"https:\/\/colmeia.cooperativadaterra.pt\/en\/wp-json\/wp\/v2\/media?parent=3614"}],"curies":[{"name":"wp","href":"https:\/\/api.w.org\/{rel}","templated":true}]}}